{"id":83,"date":"2024-02-27T11:55:38","date_gmt":"2024-02-27T10:55:38","guid":{"rendered":"https:\/\/legecapferret-handball.fr\/?page_id=83"},"modified":"2025-09-15T23:40:33","modified_gmt":"2025-09-15T21:40:33","slug":"les-partenaires","status":"publish","type":"page","link":"https:\/\/legecapferret-handball.fr\/index.php\/les-partenaires\/","title":{"rendered":"LES PARTENAIRES"},"content":{"rendered":"\t\t<div data-elementor-type=\"wp-page\" data-elementor-id=\"83\" class=\"elementor elementor-83\">\n\t\t\t\t<div class=\"elementor-element elementor-element-5fa6e2f e-flex e-con-boxed wpr-particle-no wpr-jarallax-no wpr-parallax-no wpr-sticky-section-no wpr-equal-height-no e-con e-parent\" data-id=\"5fa6e2f\" data-element_type=\"container\" data-e-type=\"container\">\n\t\t\t\t\t<div class=\"e-con-inner\">\n\t\t\t\t<div class=\"elementor-element elementor-element-1b7a08d elementor-widget elementor-widget-spacer\" data-id=\"1b7a08d\" data-element_type=\"widget\" data-e-type=\"widget\" data-widget_type=\"spacer.default\">\n\t\t\t\t<div class=\"elementor-widget-container\">\n\t\t\t\t\t\t\t<div class=\"elementor-spacer\">\n\t\t\t<div class=\"elementor-spacer-inner\"><\/div>\n\t\t<\/div>\n\t\t\t\t\t\t<\/div>\n\t\t\t\t<\/div>\n\t\t\t\t<div class=\"elementor-element elementor-element-da0afb0 elementor-widget elementor-widget-heading\" data-id=\"da0afb0\" data-element_type=\"widget\" data-e-type=\"widget\" data-widget_type=\"heading.default\">\n\t\t\t\t<div class=\"elementor-widget-container\">\n\t\t\t\t\t<h2 class=\"elementor-heading-title elementor-size-default\">\ud83d\udc1d Les partenaires \ud83d\udc1d<\/h2>\t\t\t\t<\/div>\n\t\t\t\t<\/div>\n\t\t\t\t\t<\/div>\n\t\t\t\t<\/div>\n\t\t<div class=\"elementor-element elementor-element-82e0670 e-flex e-con-boxed wpr-particle-no wpr-jarallax-no wpr-parallax-no wpr-sticky-section-no wpr-equal-height-no e-con e-parent\" data-id=\"82e0670\" data-element_type=\"container\" data-e-type=\"container\">\n\t\t\t\t\t<div class=\"e-con-inner\">\n\t\t\t\t<div class=\"elementor-element elementor-element-8ca503a elementor-widget elementor-widget-spacer\" data-id=\"8ca503a\" data-element_type=\"widget\" data-e-type=\"widget\" data-widget_type=\"spacer.default\">\n\t\t\t\t<div class=\"elementor-widget-container\">\n\t\t\t\t\t\t\t<div class=\"elementor-spacer\">\n\t\t\t<div class=\"elementor-spacer-inner\"><\/div>\n\t\t<\/div>\n\t\t\t\t\t\t<\/div>\n\t\t\t\t<\/div>\n\t\t\t\t<div class=\"elementor-element elementor-element-cc96bba elementor-widget elementor-widget-heading\" data-id=\"cc96bba\" data-element_type=\"widget\" data-e-type=\"widget\" data-widget_type=\"heading.default\">\n\t\t\t\t<div class=\"elementor-widget-container\">\n\t\t\t\t\t<h3 class=\"elementor-heading-title elementor-size-default\">Pourquoi devenir partenaire ?<\/h3>\t\t\t\t<\/div>\n\t\t\t\t<\/div>\n\t\t\t\t<div class=\"elementor-element elementor-element-991d1f2 elementor-widget elementor-widget-text-editor\" data-id=\"991d1f2\" data-element_type=\"widget\" data-e-type=\"widget\" data-widget_type=\"text-editor.default\">\n\t\t\t\t<div class=\"elementor-widget-container\">\n\t\t\t\t\t\t\t\t\t<ul><li>Pour d\u00e9velopper son r\u00e9seau et sa notori\u00e9t\u00e9;<\/li><li>Pour augmenter ses ventes, son image de marque et sa visibilit\u00e9;<\/li><li>Pour participer \u00e0 la co\u00e9ducation et \u00e0 la formation des jeunes et de leurs entra\u00eeneurs,<\/li><li>Pour devenir un acteur de la vie locale et associative,<\/li><li>Pour promouvoir des valeurs communes et se d\u00e9marquer de la concurrence,<\/li><li>Pour permettre au club de se d\u00e9velopper en achetant du mat\u00e9riel et en organisant des \u00e9v\u00e9nements.<\/li><\/ul><div>Si vous aussi, vous souhaitez associer votre enseigne \u00e0 l\u2019image d\u2019un club d\u00e9vou\u00e9 \u00e0 la jeunesse et \u00e0 son \u00e9panouissement, d\u2019un club qui vise la performance tout en alliant la convivialit\u00e9 et la bonne ambiance, alors n\u2019h\u00e9sitez plus et rejoignez-nous au plus vite. Plus que jamais notre club a besoin de vous et compte sur votre soutien.<\/div><p>Pour avoir des informations suppl\u00e9mentaires ou pour consulter nos offres partenariat nous vous invitons \u00e0 nous contacter.<\/p>\t\t\t\t\t\t\t\t<\/div>\n\t\t\t\t<\/div>\n\t\t\t\t\t<\/div>\n\t\t\t\t<\/div>\n\t\t<div class=\"elementor-element elementor-element-d342900 e-flex e-con-boxed wpr-particle-no wpr-jarallax-no wpr-parallax-no wpr-sticky-section-no wpr-equal-height-no e-con e-parent\" data-id=\"d342900\" data-element_type=\"container\" data-e-type=\"container\">\n\t\t\t\t\t<div class=\"e-con-inner\">\n\t\t\t\t<div class=\"elementor-element elementor-element-4cd0940 elementor-widget elementor-widget-spacer\" data-id=\"4cd0940\" data-element_type=\"widget\" data-e-type=\"widget\" data-widget_type=\"spacer.default\">\n\t\t\t\t<div class=\"elementor-widget-container\">\n\t\t\t\t\t\t\t<div class=\"elementor-spacer\">\n\t\t\t<div class=\"elementor-spacer-inner\"><\/div>\n\t\t<\/div>\n\t\t\t\t\t\t<\/div>\n\t\t\t\t<\/div>\n\t\t\t\t\t<\/div>\n\t\t\t\t<\/div>\n\t\t<div class=\"elementor-element elementor-element-4f3e45b e-flex e-con-boxed wpr-particle-no wpr-jarallax-no wpr-parallax-no wpr-sticky-section-no wpr-equal-height-no e-con e-parent\" data-id=\"4f3e45b\" data-element_type=\"container\" data-e-type=\"container\">\n\t\t\t\t\t<div class=\"e-con-inner\">\n\t\t\t\t<div class=\"elementor-element elementor-element-9ab11a5 elementor-widget elementor-widget-heading\" data-id=\"9ab11a5\" data-element_type=\"widget\" data-e-type=\"widget\" data-widget_type=\"heading.default\">\n\t\t\t\t<div class=\"elementor-widget-container\">\n\t\t\t\t\t<h3 class=\"elementor-heading-title elementor-size-default\">Nos partenaires <\/h3>\t\t\t\t<\/div>\n\t\t\t\t<\/div>\n\t\t\t\t\t<\/div>\n\t\t\t\t<\/div>\n\t\t<div class=\"elementor-element elementor-element-5fde621 e-flex e-con-boxed wpr-particle-no wpr-jarallax-no wpr-parallax-no wpr-sticky-section-no wpr-equal-height-no e-con e-parent\" data-id=\"5fde621\" data-element_type=\"container\" data-e-type=\"container\">\n\t\t\t\t\t<div class=\"e-con-inner\">\n\t\t\t\t<div class=\"elementor-element elementor-element-7715f3d elementor-widget elementor-widget-text-editor\" data-id=\"7715f3d\" data-element_type=\"widget\" data-e-type=\"widget\" data-widget_type=\"text-editor.default\">\n\t\t\t\t<div class=\"elementor-widget-container\">\n\t\t\t\t\t\t\t\t\t<p>Si notre club est ce qu\u2019il est aujourd\u2019hui, c\u2019est en partie gr\u00e2ce \u00e0 nos nombreux partenaires que l\u2019on remercie pour leur confiance.\u00a0<\/p>\t\t\t\t\t\t\t\t<\/div>\n\t\t\t\t<\/div>\n\t\t\t\t\t<\/div>\n\t\t\t\t<\/div>\n\t\t<div class=\"elementor-element elementor-element-601acab e-grid e-con-boxed wpr-particle-no wpr-jarallax-no wpr-parallax-no wpr-sticky-section-no wpr-equal-height-no e-con e-parent\" data-id=\"601acab\" data-element_type=\"container\" data-e-type=\"container\">\n\t\t\t\t\t<div class=\"e-con-inner\">\n\t\t\t\t<div class=\"elementor-element elementor-element-3354361 elementor-widget elementor-widget-image\" data-id=\"3354361\" data-element_type=\"widget\" data-e-type=\"widget\" data-widget_type=\"image.default\">\n\t\t\t\t<div class=\"elementor-widget-container\">\n\t\t\t\t\t\t\t\t\t\t\t\t\t\t\t<img decoding=\"async\" width=\"238\" height=\"120\" src=\"https:\/\/legecapferret-handball.fr\/wp-content\/uploads\/2024\/10\/Nya-prou.jpg\" class=\"attachment-large size-large wp-image-1283\" alt=\"carte de visite Salon de coiffure N&#039;y a prou\" srcset=\"https:\/\/legecapferret-handball.fr\/wp-content\/uploads\/2024\/10\/Nya-prou.jpg 238w, https:\/\/legecapferret-handball.fr\/wp-content\/uploads\/2024\/10\/Nya-prou-128x65.jpg 128w, https:\/\/legecapferret-handball.fr\/wp-content\/uploads\/2024\/10\/Nya-prou-32x16.jpg 32w\" sizes=\"(max-width: 238px) 100vw, 238px\" \/>\t\t\t\t\t\t\t\t\t\t\t\t\t\t\t<\/div>\n\t\t\t\t<\/div>\n\t\t\t\t<div class=\"elementor-element elementor-element-c32a3ca elementor-widget elementor-widget-image\" data-id=\"c32a3ca\" data-element_type=\"widget\" data-e-type=\"widget\" data-widget_type=\"image.default\">\n\t\t\t\t<div class=\"elementor-widget-container\">\n\t\t\t\t\t\t\t\t\t\t\t\t\t\t\t<img fetchpriority=\"high\" decoding=\"async\" width=\"602\" height=\"288\" src=\"https:\/\/legecapferret-handball.fr\/wp-content\/uploads\/2024\/10\/Optic-2000.jpg\" class=\"attachment-large size-large wp-image-1284\" alt=\"carte de visite Optic 2000 Andernos\" srcset=\"https:\/\/legecapferret-handball.fr\/wp-content\/uploads\/2024\/10\/Optic-2000.jpg 602w, https:\/\/legecapferret-handball.fr\/wp-content\/uploads\/2024\/10\/Optic-2000-300x144.jpg 300w, https:\/\/legecapferret-handball.fr\/wp-content\/uploads\/2024\/10\/Optic-2000-128x61.jpg 128w, https:\/\/legecapferret-handball.fr\/wp-content\/uploads\/2024\/10\/Optic-2000-32x15.jpg 32w\" sizes=\"(max-width: 602px) 100vw, 602px\" \/>\t\t\t\t\t\t\t\t\t\t\t\t\t\t\t<\/div>\n\t\t\t\t<\/div>\n\t\t\t\t<div class=\"elementor-element elementor-element-a4e4e56 elementor-widget elementor-widget-image\" data-id=\"a4e4e56\" data-element_type=\"widget\" data-e-type=\"widget\" data-widget_type=\"image.default\">\n\t\t\t\t<div class=\"elementor-widget-container\">\n\t\t\t\t\t\t\t\t\t\t\t\t\t\t\t<img decoding=\"async\" width=\"828\" height=\"310\" src=\"https:\/\/legecapferret-handball.fr\/wp-content\/uploads\/2024\/10\/Pharmacie-de-lege.jpg\" class=\"attachment-large size-large wp-image-1285\" alt=\"carte de visite pharmacie de L\u00e8ge\" srcset=\"https:\/\/legecapferret-handball.fr\/wp-content\/uploads\/2024\/10\/Pharmacie-de-lege.jpg 828w, https:\/\/legecapferret-handball.fr\/wp-content\/uploads\/2024\/10\/Pharmacie-de-lege-300x112.jpg 300w, https:\/\/legecapferret-handball.fr\/wp-content\/uploads\/2024\/10\/Pharmacie-de-lege-768x288.jpg 768w, https:\/\/legecapferret-handball.fr\/wp-content\/uploads\/2024\/10\/Pharmacie-de-lege-128x48.jpg 128w, https:\/\/legecapferret-handball.fr\/wp-content\/uploads\/2024\/10\/Pharmacie-de-lege-32x12.jpg 32w\" sizes=\"(max-width: 828px) 100vw, 828px\" \/>\t\t\t\t\t\t\t\t\t\t\t\t\t\t\t<\/div>\n\t\t\t\t<\/div>\n\t\t\t\t<div class=\"elementor-element elementor-element-ca8df21 elementor-widget elementor-widget-image\" data-id=\"ca8df21\" data-element_type=\"widget\" data-e-type=\"widget\" data-widget_type=\"image.default\">\n\t\t\t\t<div class=\"elementor-widget-container\">\n\t\t\t\t\t\t\t\t\t\t\t\t\t\t\t<img loading=\"lazy\" decoding=\"async\" width=\"960\" height=\"446\" src=\"https:\/\/legecapferret-handball.fr\/wp-content\/uploads\/2024\/10\/Il-Giardino-1024x476.jpg\" class=\"attachment-large size-large wp-image-1281\" alt=\"carte de visite Restaurant Il Giardino\" srcset=\"https:\/\/legecapferret-handball.fr\/wp-content\/uploads\/2024\/10\/Il-Giardino-1024x476.jpg 1024w, https:\/\/legecapferret-handball.fr\/wp-content\/uploads\/2024\/10\/Il-Giardino-300x139.jpg 300w, https:\/\/legecapferret-handball.fr\/wp-content\/uploads\/2024\/10\/Il-Giardino-768x357.jpg 768w, https:\/\/legecapferret-handball.fr\/wp-content\/uploads\/2024\/10\/Il-Giardino-1536x713.jpg 1536w, https:\/\/legecapferret-handball.fr\/wp-content\/uploads\/2024\/10\/Il-Giardino-2048x951.jpg 2048w, https:\/\/legecapferret-handball.fr\/wp-content\/uploads\/2024\/10\/Il-Giardino-128x59.jpg 128w, https:\/\/legecapferret-handball.fr\/wp-content\/uploads\/2024\/10\/Il-Giardino-32x15.jpg 32w\" sizes=\"(max-width: 960px) 100vw, 960px\" \/>\t\t\t\t\t\t\t\t\t\t\t\t\t\t\t<\/div>\n\t\t\t\t<\/div>\n\t\t\t\t<div class=\"elementor-element elementor-element-ebe1fa8 elementor-widget elementor-widget-image\" data-id=\"ebe1fa8\" data-element_type=\"widget\" data-e-type=\"widget\" data-widget_type=\"image.default\">\n\t\t\t\t<div class=\"elementor-widget-container\">\n\t\t\t\t\t\t\t\t\t\t\t\t\t\t\t<img loading=\"lazy\" decoding=\"async\" width=\"960\" height=\"674\" src=\"https:\/\/legecapferret-handball.fr\/wp-content\/uploads\/2024\/10\/Ets-Castillon-2-1024x719.jpg\" class=\"attachment-large size-large wp-image-1280\" alt=\"carte de visite Castillon menuiseries\" srcset=\"https:\/\/legecapferret-handball.fr\/wp-content\/uploads\/2024\/10\/Ets-Castillon-2-1024x719.jpg 1024w, https:\/\/legecapferret-handball.fr\/wp-content\/uploads\/2024\/10\/Ets-Castillon-2-300x211.jpg 300w, https:\/\/legecapferret-handball.fr\/wp-content\/uploads\/2024\/10\/Ets-Castillon-2-768x539.jpg 768w, https:\/\/legecapferret-handball.fr\/wp-content\/uploads\/2024\/10\/Ets-Castillon-2-128x90.jpg 128w, https:\/\/legecapferret-handball.fr\/wp-content\/uploads\/2024\/10\/Ets-Castillon-2-32x22.jpg 32w, https:\/\/legecapferret-handball.fr\/wp-content\/uploads\/2024\/10\/Ets-Castillon-2.jpg 1506w\" sizes=\"(max-width: 960px) 100vw, 960px\" \/>\t\t\t\t\t\t\t\t\t\t\t\t\t\t\t<\/div>\n\t\t\t\t<\/div>\n\t\t\t\t<div class=\"elementor-element elementor-element-d3eb777 elementor-widget elementor-widget-image\" data-id=\"d3eb777\" data-element_type=\"widget\" data-e-type=\"widget\" data-widget_type=\"image.default\">\n\t\t\t\t<div class=\"elementor-widget-container\">\n\t\t\t\t\t\t\t\t\t\t\t\t\t\t\t<img loading=\"lazy\" decoding=\"async\" width=\"960\" height=\"572\" src=\"https:\/\/legecapferret-handball.fr\/wp-content\/uploads\/2024\/10\/Courtazelles-1024x610.jpg\" class=\"attachment-large size-large wp-image-1279\" alt=\"carte de visite Boulangerie Courtazelles\" srcset=\"https:\/\/legecapferret-handball.fr\/wp-content\/uploads\/2024\/10\/Courtazelles-1024x610.jpg 1024w, https:\/\/legecapferret-handball.fr\/wp-content\/uploads\/2024\/10\/Courtazelles-300x179.jpg 300w, https:\/\/legecapferret-handball.fr\/wp-content\/uploads\/2024\/10\/Courtazelles-768x457.jpg 768w, https:\/\/legecapferret-handball.fr\/wp-content\/uploads\/2024\/10\/Courtazelles-1536x915.jpg 1536w, https:\/\/legecapferret-handball.fr\/wp-content\/uploads\/2024\/10\/Courtazelles-2048x1220.jpg 2048w, https:\/\/legecapferret-handball.fr\/wp-content\/uploads\/2024\/10\/Courtazelles-128x76.jpg 128w, https:\/\/legecapferret-handball.fr\/wp-content\/uploads\/2024\/10\/Courtazelles-32x19.jpg 32w\" sizes=\"(max-width: 960px) 100vw, 960px\" \/>\t\t\t\t\t\t\t\t\t\t\t\t\t\t\t<\/div>\n\t\t\t\t<\/div>\n\t\t\t\t<div class=\"elementor-element elementor-element-5a6c071 elementor-widget elementor-widget-image\" data-id=\"5a6c071\" data-element_type=\"widget\" data-e-type=\"widget\" data-widget_type=\"image.default\">\n\t\t\t\t<div class=\"elementor-widget-container\">\n\t\t\t\t\t\t\t\t\t\t\t\t\t\t\t<img loading=\"lazy\" decoding=\"async\" width=\"912\" height=\"338\" src=\"https:\/\/legecapferret-handball.fr\/wp-content\/uploads\/2024\/10\/Ares-assurance.jpg\" class=\"attachment-large size-large wp-image-1277\" alt=\"carte de visite ar\u00e9as assurances\" srcset=\"https:\/\/legecapferret-handball.fr\/wp-content\/uploads\/2024\/10\/Ares-assurance.jpg 912w, https:\/\/legecapferret-handball.fr\/wp-content\/uploads\/2024\/10\/Ares-assurance-300x111.jpg 300w, https:\/\/legecapferret-handball.fr\/wp-content\/uploads\/2024\/10\/Ares-assurance-768x285.jpg 768w, https:\/\/legecapferret-handball.fr\/wp-content\/uploads\/2024\/10\/Ares-assurance-128x47.jpg 128w, https:\/\/legecapferret-handball.fr\/wp-content\/uploads\/2024\/10\/Ares-assurance-32x12.jpg 32w\" sizes=\"(max-width: 912px) 100vw, 912px\" \/>\t\t\t\t\t\t\t\t\t\t\t\t\t\t\t<\/div>\n\t\t\t\t<\/div>\n\t\t\t\t<div class=\"elementor-element elementor-element-9ec3b88 elementor-widget elementor-widget-image\" data-id=\"9ec3b88\" data-element_type=\"widget\" data-e-type=\"widget\" data-widget_type=\"image.default\">\n\t\t\t\t<div class=\"elementor-widget-container\">\n\t\t\t\t\t\t\t\t\t\t\t\t\t\t\t<img loading=\"lazy\" decoding=\"async\" width=\"684\" height=\"266\" src=\"https:\/\/legecapferret-handball.fr\/wp-content\/uploads\/2024\/10\/Charpentiers-du-bassin.jpg\" class=\"attachment-large size-large wp-image-1278\" alt=\"carte de visite Les charpentiers du bassins\" srcset=\"https:\/\/legecapferret-handball.fr\/wp-content\/uploads\/2024\/10\/Charpentiers-du-bassin.jpg 684w, https:\/\/legecapferret-handball.fr\/wp-content\/uploads\/2024\/10\/Charpentiers-du-bassin-300x117.jpg 300w, https:\/\/legecapferret-handball.fr\/wp-content\/uploads\/2024\/10\/Charpentiers-du-bassin-128x50.jpg 128w, https:\/\/legecapferret-handball.fr\/wp-content\/uploads\/2024\/10\/Charpentiers-du-bassin-32x12.jpg 32w\" sizes=\"(max-width: 684px) 100vw, 684px\" \/>\t\t\t\t\t\t\t\t\t\t\t\t\t\t\t<\/div>\n\t\t\t\t<\/div>\n\t\t\t\t<div class=\"elementor-element elementor-element-3f1c8c1 elementor-widget elementor-widget-image\" data-id=\"3f1c8c1\" data-element_type=\"widget\" data-e-type=\"widget\" data-widget_type=\"image.default\">\n\t\t\t\t<div class=\"elementor-widget-container\">\n\t\t\t\t\t\t\t\t\t\t\t\t\t\t\t<img loading=\"lazy\" decoding=\"async\" width=\"960\" height=\"603\" src=\"https:\/\/legecapferret-handball.fr\/wp-content\/uploads\/2024\/10\/Marc-Pulon.jpg\" class=\"attachment-large size-large wp-image-1282\" alt=\"carte de visite Pulon Electrom\u00e9nager\" srcset=\"https:\/\/legecapferret-handball.fr\/wp-content\/uploads\/2024\/10\/Marc-Pulon.jpg 965w, https:\/\/legecapferret-handball.fr\/wp-content\/uploads\/2024\/10\/Marc-Pulon-300x188.jpg 300w, https:\/\/legecapferret-handball.fr\/wp-content\/uploads\/2024\/10\/Marc-Pulon-768x482.jpg 768w, https:\/\/legecapferret-handball.fr\/wp-content\/uploads\/2024\/10\/Marc-Pulon-128x80.jpg 128w, https:\/\/legecapferret-handball.fr\/wp-content\/uploads\/2024\/10\/Marc-Pulon-32x20.jpg 32w\" sizes=\"(max-width: 960px) 100vw, 960px\" \/>\t\t\t\t\t\t\t\t\t\t\t\t\t\t\t<\/div>\n\t\t\t\t<\/div>\n\t\t\t\t\t<\/div>\n\t\t\t\t<\/div>\n\t\t\t\t<\/div>\n\t\t","protected":false},"excerpt":{"rendered":"<p>\ud83d\udc1d Les partenaires \ud83d\udc1d Pourquoi devenir partenaire ? Pour d\u00e9velopper son r\u00e9seau et sa notori\u00e9t\u00e9; Pour augmenter ses ventes, son image de marque et sa visibilit\u00e9; Pour participer \u00e0 la co\u00e9ducation et \u00e0 la formation des jeunes et de leurs entra\u00eeneurs, Pour devenir un acteur de la vie locale et associative, Pour promouvoir des valeurs communes et se d\u00e9marquer de la concurrence, Pour permettre au club de se d\u00e9velopper en achetant du mat\u00e9riel et en organisant des \u00e9v\u00e9nements. Si vous aussi, vous souhaitez associer votre enseigne \u00e0 l\u2019image d\u2019un club d\u00e9vou\u00e9 \u00e0 la jeunesse et \u00e0 son \u00e9panouissement, d\u2019un club qui vise la performance tout en alliant la convivialit\u00e9 et la bonne ambiance, alors n\u2019h\u00e9sitez plus et rejoignez-nous au plus vite. Plus que jamais notre club a besoin de vous et compte sur votre soutien. Pour avoir des informations suppl\u00e9mentaires ou pour consulter nos offres partenariat nous vous invitons \u00e0 nous contacter. Nos partenaires Si notre club est ce qu\u2019il est aujourd\u2019hui, c\u2019est en partie gr\u00e2ce \u00e0 nos nombreux partenaires que l\u2019on remercie pour leur confiance.\u00a0<\/p>\n","protected":false},"author":1,"featured_media":0,"parent":0,"menu_order":0,"comment_status":"closed","ping_status":"closed","template":"","meta":{"footnotes":""},"class_list":["post-83","page","type-page","status-publish","hentry"],"_links":{"self":[{"href":"https:\/\/legecapferret-handball.fr\/index.php\/wp-json\/wp\/v2\/pages\/83","targetHints":{"allow":["GET"]}}],"collection":[{"href":"https:\/\/legecapferret-handball.fr\/index.php\/wp-json\/wp\/v2\/pages"}],"about":[{"href":"https:\/\/legecapferret-handball.fr\/index.php\/wp-json\/wp\/v2\/types\/page"}],"author":[{"embeddable":true,"href":"https:\/\/legecapferret-handball.fr\/index.php\/wp-json\/wp\/v2\/users\/1"}],"replies":[{"embeddable":true,"href":"https:\/\/legecapferret-handball.fr\/index.php\/wp-json\/wp\/v2\/comments?post=83"}],"version-history":[{"count":67,"href":"https:\/\/legecapferret-handball.fr\/index.php\/wp-json\/wp\/v2\/pages\/83\/revisions"}],"predecessor-version":[{"id":1924,"href":"https:\/\/legecapferret-handball.fr\/index.php\/wp-json\/wp\/v2\/pages\/83\/revisions\/1924"}],"wp:attachment":[{"href":"https:\/\/legecapferret-handball.fr\/index.php\/wp-json\/wp\/v2\/media?parent=83"}],"curies":[{"name":"wp","href":"https:\/\/api.w.org\/{rel}","templated":true}]}}