{"id":132,"date":"2024-03-11T21:39:29","date_gmt":"2024-03-11T20:39:29","guid":{"rendered":"https:\/\/legecapferret-handball.fr\/?page_id=132"},"modified":"2025-12-01T23:59:05","modified_gmt":"2025-12-01T22:59:05","slug":"u17-filles","status":"publish","type":"page","link":"https:\/\/legecapferret-handball.fr\/index.php\/u17-filles\/","title":{"rendered":"U17 FILLES"},"content":{"rendered":"\t\t<div data-elementor-type=\"wp-page\" data-elementor-id=\"132\" class=\"elementor elementor-132\">\n\t\t\t\t<div class=\"elementor-element elementor-element-17aac7a e-flex e-con-boxed wpr-particle-no wpr-jarallax-no wpr-parallax-no wpr-sticky-section-no wpr-equal-height-no e-con e-parent\" data-id=\"17aac7a\" data-element_type=\"container\" data-e-type=\"container\">\n\t\t\t\t\t<div class=\"e-con-inner\">\n\t\t\t\t<div class=\"elementor-element elementor-element-a79a5e4 elementor-widget elementor-widget-heading\" data-id=\"a79a5e4\" data-element_type=\"widget\" data-e-type=\"widget\" data-widget_type=\"heading.default\">\n\t\t\t\t<div class=\"elementor-widget-container\">\n\t\t\t\t\t<h2 class=\"elementor-heading-title elementor-size-default\"><img decoding=\"async\" role=\"img\" class=\"emoji\" alt=\"\ud83d\udc1d\" src=\"https:\/\/s.w.org\/images\/core\/emoji\/16.0.1\/svg\/1f41d.svg\"> U17 filles <img decoding=\"async\" role=\"img\" class=\"emoji\" alt=\"\ud83d\udc1d\" src=\"https:\/\/s.w.org\/images\/core\/emoji\/16.0.1\/svg\/1f41d.svg\"><\/h2>\t\t\t\t<\/div>\n\t\t\t\t<\/div>\n\t\t\t\t\t<\/div>\n\t\t\t\t<\/div>\n\t\t<div class=\"elementor-element elementor-element-ec98cbc e-flex e-con-boxed wpr-particle-no wpr-jarallax-no wpr-parallax-no wpr-sticky-section-no wpr-equal-height-no e-con e-parent\" data-id=\"ec98cbc\" data-element_type=\"container\" data-e-type=\"container\">\n\t\t\t\t\t<div class=\"e-con-inner\">\n\t\t\t\t<div class=\"elementor-element elementor-element-b22661c elementor-widget elementor-widget-image\" data-id=\"b22661c\" data-element_type=\"widget\" data-e-type=\"widget\" data-widget_type=\"image.default\">\n\t\t\t\t<div class=\"elementor-widget-container\">\n\t\t\t\t\t\t\t\t\t\t\t\t\t\t\t<img fetchpriority=\"high\" decoding=\"async\" width=\"960\" height=\"762\" src=\"https:\/\/legecapferret-handball.fr\/wp-content\/uploads\/2024\/11\/IMG_4935-croped-1024x813.jpg\" class=\"attachment-large size-large wp-image-1543\" alt=\"Equipe U17 filles\" srcset=\"https:\/\/legecapferret-handball.fr\/wp-content\/uploads\/2024\/11\/IMG_4935-croped-1024x813.jpg 1024w, https:\/\/legecapferret-handball.fr\/wp-content\/uploads\/2024\/11\/IMG_4935-croped-300x238.jpg 300w, https:\/\/legecapferret-handball.fr\/wp-content\/uploads\/2024\/11\/IMG_4935-croped-768x610.jpg 768w, https:\/\/legecapferret-handball.fr\/wp-content\/uploads\/2024\/11\/IMG_4935-croped-1536x1219.jpg 1536w, https:\/\/legecapferret-handball.fr\/wp-content\/uploads\/2024\/11\/IMG_4935-croped-2048x1625.jpg 2048w, https:\/\/legecapferret-handball.fr\/wp-content\/uploads\/2024\/11\/IMG_4935-croped-128x102.jpg 128w, https:\/\/legecapferret-handball.fr\/wp-content\/uploads\/2024\/11\/IMG_4935-croped-32x25.jpg 32w\" sizes=\"(max-width: 960px) 100vw, 960px\" \/>\t\t\t\t\t\t\t\t\t\t\t\t\t\t\t<\/div>\n\t\t\t\t<\/div>\n\t\t\t\t\t<\/div>\n\t\t\t\t<\/div>\n\t\t<div class=\"elementor-element elementor-element-398c9e0 e-flex e-con-boxed wpr-particle-no wpr-jarallax-no wpr-parallax-no wpr-sticky-section-no wpr-equal-height-no e-con e-parent\" data-id=\"398c9e0\" data-element_type=\"container\" data-e-type=\"container\">\n\t\t\t\t\t<div class=\"e-con-inner\">\n\t\t\t\t<div class=\"elementor-element elementor-element-60efba9 elementor-widget elementor-widget-spacer\" data-id=\"60efba9\" data-element_type=\"widget\" data-e-type=\"widget\" data-widget_type=\"spacer.default\">\n\t\t\t\t<div class=\"elementor-widget-container\">\n\t\t\t\t\t\t\t<div class=\"elementor-spacer\">\n\t\t\t<div class=\"elementor-spacer-inner\"><\/div>\n\t\t<\/div>\n\t\t\t\t\t\t<\/div>\n\t\t\t\t<\/div>\n\t\t\t\t<div class=\"elementor-element elementor-element-ba421ca elementor-tabs-alignment-center elementor-tabs-view-horizontal elementor-widget elementor-widget-tabs\" data-id=\"ba421ca\" data-element_type=\"widget\" data-e-type=\"widget\" data-widget_type=\"tabs.default\">\n\t\t\t\t<div class=\"elementor-widget-container\">\n\t\t\t\t\t\t\t<div class=\"elementor-tabs\">\n\t\t\t<div class=\"elementor-tabs-wrapper\" role=\"tablist\" >\n\t\t\t\t\t\t\t\t\t<div id=\"elementor-tab-title-1951\" class=\"elementor-tab-title elementor-tab-desktop-title\" aria-selected=\"true\" data-tab=\"1\" role=\"tab\" tabindex=\"0\" aria-controls=\"elementor-tab-content-1951\" aria-expanded=\"false\">Classement \u00e9quipe 1<\/div>\n\t\t\t\t\t\t\t\t\t<div id=\"elementor-tab-title-1952\" class=\"elementor-tab-title elementor-tab-desktop-title\" aria-selected=\"false\" data-tab=\"2\" role=\"tab\" tabindex=\"-1\" aria-controls=\"elementor-tab-content-1952\" aria-expanded=\"false\">Effectif<\/div>\n\t\t\t\t\t\t\t\t\t<div id=\"elementor-tab-title-1953\" class=\"elementor-tab-title elementor-tab-desktop-title\" aria-selected=\"false\" data-tab=\"3\" role=\"tab\" tabindex=\"-1\" aria-controls=\"elementor-tab-content-1953\" aria-expanded=\"false\">Classement \u00e9quipe 2<\/div>\n\t\t\t\t\t\t\t<\/div>\n\t\t\t<div class=\"elementor-tabs-content-wrapper\" role=\"tablist\" aria-orientation=\"vertical\">\n\t\t\t\t\t\t\t\t\t<div class=\"elementor-tab-title elementor-tab-mobile-title\" aria-selected=\"true\" data-tab=\"1\" role=\"tab\" tabindex=\"0\" aria-controls=\"elementor-tab-content-1951\" aria-expanded=\"false\">Classement \u00e9quipe 1<\/div>\n\t\t\t\t\t<div id=\"elementor-tab-content-1951\" class=\"elementor-tab-content elementor-clearfix\" data-tab=\"1\" role=\"tabpanel\" aria-labelledby=\"elementor-tab-title-1951\" tabindex=\"0\" hidden=\"false\"><div class=\"scorenco-widget\" style=\"background: #F2F5F9; height: 500px; display: flex; align-items: center; justify-content: center; flex-direction: column; text-transform: uppercase; font-family: sans-serif; font-weight: bolder; gap: 9px; color: #1e457b;\" data-widget-type=\"ranking\" data-widget-id=\"167336\"><div class=\"ldsdr\">\u00a0<\/div><p>Score&rsquo;n&rsquo;co &#8211; L\u00e8ge Cap Ferret Handball<\/p><\/div><p><style>.ldsdr{display:inline-block;width:80px;height:80px}.ldsdr:after{content:\" \";display:block;width:64px;height:64px;margin:8px;border-radius:50%;border:6px solid #1E457B;border-color:#1E457B transparent;animation:ldsdr 1.2s linear infinite}@keyframes ldsdr{0%{transform:rotate(0deg)}100%{transform:rotate(360deg)}}<\/style><\/p><p><script async defer src=\"https:\/\/widgets.scorenco.com\/host\/widgets.js\"><\/script><\/p><\/div>\n\t\t\t\t\t\t\t\t\t<div class=\"elementor-tab-title elementor-tab-mobile-title\" aria-selected=\"false\" data-tab=\"2\" role=\"tab\" tabindex=\"-1\" aria-controls=\"elementor-tab-content-1952\" aria-expanded=\"false\">Effectif<\/div>\n\t\t\t\t\t<div id=\"elementor-tab-content-1952\" class=\"elementor-tab-content elementor-clearfix\" data-tab=\"2\" role=\"tabpanel\" aria-labelledby=\"elementor-tab-title-1952\" tabindex=\"0\" hidden=\"hidden\"><p><b><u>Composition de l&rsquo;\u00e9quipe<\/u><\/b> : (Dans l&rsquo;ordre alphab\u00e9tique )<\/p><p>ANDRIOT Manoa, BERNARD Chlo\u00e9, BOUCHET-DULAS Janelle, BOUILLON Margaux, COLLIN Elisa, ESTEVES Paola, FARIBAULT C\u00e9lia, GRATIAN Zo\u00e9, JAMBES Lili, LACORRE Aurore, LOPEZ Elise, MINVIELLE Elise, PERNOT Ad\u00e8le<\/p><p><span style=\"text-decoration: underline;\"><strong>Entra\u00eeneur<\/strong><\/span> :\u00a0<\/p><p><span style=\"text-decoration: underline;\"><strong>Dirigeant<\/strong><\/span> :\u00a0<\/p><\/div>\n\t\t\t\t\t\t\t\t\t<div class=\"elementor-tab-title elementor-tab-mobile-title\" aria-selected=\"false\" data-tab=\"3\" role=\"tab\" tabindex=\"-1\" aria-controls=\"elementor-tab-content-1953\" aria-expanded=\"false\">Classement \u00e9quipe 2<\/div>\n\t\t\t\t\t<div id=\"elementor-tab-content-1953\" class=\"elementor-tab-content elementor-clearfix\" data-tab=\"3\" role=\"tabpanel\" aria-labelledby=\"elementor-tab-title-1953\" tabindex=\"0\" hidden=\"hidden\"><div class=\"scorenco-widget\" data-widget-type=\"ranking\" data-widget-id=\"167432\" style=\"background: #F2F5F9; height: 500px; display: flex; align-items: center; justify-content: center; flex-direction: column;text-transform: uppercase; font-family: sans-serif; font-weight: bolder; gap: 9px; color:#1E457B;\">\n  <div class=\"ldsdr\"><\/div>\n  Score&rsquo;n&rsquo;co &#8211; L\u00e8ge Cap Ferret Handball\n  <\/div>\n  <style>.ldsdr{display:inline-block;width:80px;height:80px}.ldsdr:after{content:\" \";display:block;width:64px;height:64px;margin:8px;border-radius:50%;border:6px solid #1E457B;border-color:#1E457B transparent;animation:ldsdr 1.2s linear infinite}@keyframes ldsdr{0%{transform:rotate(0deg)}100%{transform:rotate(360deg)}}<\/style>\n  <script async defer src=\"https:\/\/widgets.scorenco.com\/host\/widgets.js\"><\/script><\/div>\n\t\t\t\t\t\t\t<\/div>\n\t\t<\/div>\n\t\t\t\t\t\t<\/div>\n\t\t\t\t<\/div>\n\t\t\t\t\t<\/div>\n\t\t\t\t<\/div>\n\t\t\t\t<\/div>\n\t\t","protected":false},"excerpt":{"rendered":"<p>U17 filles Classement \u00e9quipe 1 Effectif Classement \u00e9quipe 2 Classement \u00e9quipe 1 \u00a0 Score&rsquo;n&rsquo;co &#8211; L\u00e8ge Cap Ferret Handball Effectif Composition de l&rsquo;\u00e9quipe : (Dans l&rsquo;ordre alphab\u00e9tique ) ANDRIOT Manoa, BERNARD Chlo\u00e9, BOUCHET-DULAS Janelle, BOUILLON Margaux, COLLIN Elisa, ESTEVES Paola, FARIBAULT C\u00e9lia, GRATIAN Zo\u00e9, JAMBES Lili, LACORRE Aurore, LOPEZ Elise, MINVIELLE Elise, PERNOT Ad\u00e8le Entra\u00eeneur :\u00a0 Dirigeant :\u00a0 Classement \u00e9quipe 2 Score&rsquo;n&rsquo;co &#8211; L\u00e8ge Cap Ferret Handball<\/p>\n","protected":false},"author":1,"featured_media":0,"parent":0,"menu_order":0,"comment_status":"closed","ping_status":"closed","template":"","meta":{"footnotes":""},"class_list":["post-132","page","type-page","status-publish","hentry"],"_links":{"self":[{"href":"https:\/\/legecapferret-handball.fr\/index.php\/wp-json\/wp\/v2\/pages\/132","targetHints":{"allow":["GET"]}}],"collection":[{"href":"https:\/\/legecapferret-handball.fr\/index.php\/wp-json\/wp\/v2\/pages"}],"about":[{"href":"https:\/\/legecapferret-handball.fr\/index.php\/wp-json\/wp\/v2\/types\/page"}],"author":[{"embeddable":true,"href":"https:\/\/legecapferret-handball.fr\/index.php\/wp-json\/wp\/v2\/users\/1"}],"replies":[{"embeddable":true,"href":"https:\/\/legecapferret-handball.fr\/index.php\/wp-json\/wp\/v2\/comments?post=132"}],"version-history":[{"count":64,"href":"https:\/\/legecapferret-handball.fr\/index.php\/wp-json\/wp\/v2\/pages\/132\/revisions"}],"predecessor-version":[{"id":2187,"href":"https:\/\/legecapferret-handball.fr\/index.php\/wp-json\/wp\/v2\/pages\/132\/revisions\/2187"}],"wp:attachment":[{"href":"https:\/\/legecapferret-handball.fr\/index.php\/wp-json\/wp\/v2\/media?parent=132"}],"curies":[{"name":"wp","href":"https:\/\/api.w.org\/{rel}","templated":true}]}}