{"id":1310,"date":"2024-10-21T11:40:13","date_gmt":"2024-10-21T09:40:13","guid":{"rendered":"https:\/\/legecapferret-handball.fr\/?page_id=1310"},"modified":"2025-12-01T23:16:09","modified_gmt":"2025-12-01T22:16:09","slug":"u13-filles-2","status":"publish","type":"page","link":"https:\/\/legecapferret-handball.fr\/index.php\/u13-filles-2\/","title":{"rendered":"U13 FILLES 2"},"content":{"rendered":"\t\t<div data-elementor-type=\"wp-page\" data-elementor-id=\"1310\" class=\"elementor elementor-1310\">\n\t\t\t\t<div class=\"elementor-element elementor-element-52bd821 e-flex e-con-boxed wpr-particle-no wpr-jarallax-no wpr-parallax-no wpr-sticky-section-no wpr-equal-height-no e-con e-parent\" data-id=\"52bd821\" data-element_type=\"container\" data-e-type=\"container\">\n\t\t\t\t\t<div class=\"e-con-inner\">\n\t\t\t\t<div class=\"elementor-element elementor-element-cd089de elementor-widget elementor-widget-image\" data-id=\"cd089de\" data-element_type=\"widget\" data-e-type=\"widget\" data-widget_type=\"image.default\">\n\t\t\t\t<div class=\"elementor-widget-container\">\n\t\t\t\t\t\t\t\t\t\t\t\t\t\t\t<img fetchpriority=\"high\" decoding=\"async\" width=\"590\" height=\"391\" src=\"https:\/\/legecapferret-handball.fr\/wp-content\/uploads\/2024\/06\/patienter2-1.png\" class=\"attachment-large size-large wp-image-680\" alt=\"Photo attente\" srcset=\"https:\/\/legecapferret-handball.fr\/wp-content\/uploads\/2024\/06\/patienter2-1.png 590w, https:\/\/legecapferret-handball.fr\/wp-content\/uploads\/2024\/06\/patienter2-1-300x199.png 300w, https:\/\/legecapferret-handball.fr\/wp-content\/uploads\/2024\/06\/patienter2-1-128x85.png 128w, https:\/\/legecapferret-handball.fr\/wp-content\/uploads\/2024\/06\/patienter2-1-32x21.png 32w\" sizes=\"(max-width: 590px) 100vw, 590px\" \/>\t\t\t\t\t\t\t\t\t\t\t\t\t\t\t<\/div>\n\t\t\t\t<\/div>\n\t\t\t\t\t<\/div>\n\t\t\t\t<\/div>\n\t\t<div class=\"elementor-element elementor-element-ce8b7a6 e-flex e-con-boxed wpr-particle-no wpr-jarallax-no wpr-parallax-no wpr-sticky-section-no wpr-equal-height-no e-con e-parent\" data-id=\"ce8b7a6\" data-element_type=\"container\" data-e-type=\"container\">\n\t\t\t\t\t<div class=\"e-con-inner\">\n\t\t\t\t<div class=\"elementor-element elementor-element-03908ca elementor-tabs-alignment-center elementor-tabs-view-horizontal elementor-widget elementor-widget-tabs\" data-id=\"03908ca\" data-element_type=\"widget\" data-e-type=\"widget\" data-widget_type=\"tabs.default\">\n\t\t\t\t<div class=\"elementor-widget-container\">\n\t\t\t\t\t\t\t<div class=\"elementor-tabs\">\n\t\t\t<div class=\"elementor-tabs-wrapper\" role=\"tablist\" >\n\t\t\t\t\t\t\t\t\t<div id=\"elementor-tab-title-3731\" class=\"elementor-tab-title elementor-tab-desktop-title\" aria-selected=\"true\" data-tab=\"1\" role=\"tab\" tabindex=\"0\" aria-controls=\"elementor-tab-content-3731\" aria-expanded=\"false\">Classement <\/div>\n\t\t\t\t\t\t\t\t\t<div id=\"elementor-tab-title-3732\" class=\"elementor-tab-title elementor-tab-desktop-title\" aria-selected=\"false\" data-tab=\"2\" role=\"tab\" tabindex=\"-1\" aria-controls=\"elementor-tab-content-3732\" aria-expanded=\"false\">Effectifs<\/div>\n\t\t\t\t\t\t\t<\/div>\n\t\t\t<div class=\"elementor-tabs-content-wrapper\" role=\"tablist\" aria-orientation=\"vertical\">\n\t\t\t\t\t\t\t\t\t<div class=\"elementor-tab-title elementor-tab-mobile-title\" aria-selected=\"true\" data-tab=\"1\" role=\"tab\" tabindex=\"0\" aria-controls=\"elementor-tab-content-3731\" aria-expanded=\"false\">Classement <\/div>\n\t\t\t\t\t<div id=\"elementor-tab-content-3731\" class=\"elementor-tab-content elementor-clearfix\" data-tab=\"1\" role=\"tabpanel\" aria-labelledby=\"elementor-tab-title-3731\" tabindex=\"0\" hidden=\"false\"><div class=\"scorenco-widget\" data-widget-type=\"ranking\" data-widget-id=\"167368\" style=\"background: #F2F5F9; height: 500px; display: flex; align-items: center; justify-content: center; flex-direction: column;text-transform: uppercase; font-family: sans-serif; font-weight: bolder; gap: 9px; color:#1E457B;\">\n  <div class=\"ldsdr\"><\/div>\n  Score&rsquo;n&rsquo;co &#8211; L\u00e8ge Cap Ferret Handball\n  <\/div>\n  <style>.ldsdr{display:inline-block;width:80px;height:80px}.ldsdr:after{content:\" \";display:block;width:64px;height:64px;margin:8px;border-radius:50%;border:6px solid #1E457B;border-color:#1E457B transparent;animation:ldsdr 1.2s linear infinite}@keyframes ldsdr{0%{transform:rotate(0deg)}100%{transform:rotate(360deg)}}<\/style>\n  <script async defer src=\"https:\/\/widgets.scorenco.com\/host\/widgets.js\"><\/script><\/div>\n\t\t\t\t\t\t\t\t\t<div class=\"elementor-tab-title elementor-tab-mobile-title\" aria-selected=\"false\" data-tab=\"2\" role=\"tab\" tabindex=\"-1\" aria-controls=\"elementor-tab-content-3732\" aria-expanded=\"false\">Effectifs<\/div>\n\t\t\t\t\t<div id=\"elementor-tab-content-3732\" class=\"elementor-tab-content elementor-clearfix\" data-tab=\"2\" role=\"tabpanel\" aria-labelledby=\"elementor-tab-title-3732\" tabindex=\"0\" hidden=\"hidden\"><p><b><u>Composition de l&rsquo;\u00e9quipe<\/u><\/b> (dans l&rsquo;ordre alphab\u00e9tique) :\u00a0<\/p><p>BODIN Zoe, BOIRON Lilya, BRETHOUS Ema, CATONNET Hortense, COELHO SOUSA Miriam, DHUNESSUR Darshwana, FURLANETTO Louise, GALMOT Charlie, GRATIAN Agathe, GRENOUILLOUX Jade, LACOSTE Mya, LINARES Anais, MACHUEL L\u00e9a, MARTIN Abygaelle, M\u00c9L\u00c9 Marylou, REYNAUD Emy, ROVERE Apolline, SAUTAREL Cl\u00e9mence, SILVA PINHEIRO Lara Cristina, TOUILEB Lina, VEURE Enora<\/p><p><span style=\"text-decoration: underline;\"><strong>Entraineur<\/strong><\/span> :<\/p><p><span style=\"text-decoration: underline;\"><strong>Dirigeante<\/strong><\/span> :\u00a0<\/p><\/div>\n\t\t\t\t\t\t\t<\/div>\n\t\t<\/div>\n\t\t\t\t\t\t<\/div>\n\t\t\t\t<\/div>\n\t\t\t\t\t<\/div>\n\t\t\t\t<\/div>\n\t\t\t\t<\/div>\n\t\t","protected":false},"excerpt":{"rendered":"<p>Classement Effectifs Classement Score&rsquo;n&rsquo;co &#8211; L\u00e8ge Cap Ferret Handball Effectifs Composition de l&rsquo;\u00e9quipe (dans l&rsquo;ordre alphab\u00e9tique) :\u00a0 BODIN Zoe, BOIRON Lilya, BRETHOUS Ema, CATONNET Hortense, COELHO SOUSA Miriam, DHUNESSUR Darshwana, FURLANETTO Louise, GALMOT Charlie, GRATIAN Agathe, GRENOUILLOUX Jade, LACOSTE Mya, LINARES Anais, MACHUEL L\u00e9a, MARTIN Abygaelle, M\u00c9L\u00c9 Marylou, REYNAUD Emy, ROVERE Apolline, SAUTAREL Cl\u00e9mence, SILVA PINHEIRO Lara Cristina, TOUILEB Lina, VEURE Enora Entraineur : Dirigeante :\u00a0<\/p>\n","protected":false},"author":1,"featured_media":0,"parent":0,"menu_order":0,"comment_status":"closed","ping_status":"closed","template":"","meta":{"footnotes":""},"class_list":["post-1310","page","type-page","status-publish","hentry"],"_links":{"self":[{"href":"https:\/\/legecapferret-handball.fr\/index.php\/wp-json\/wp\/v2\/pages\/1310","targetHints":{"allow":["GET"]}}],"collection":[{"href":"https:\/\/legecapferret-handball.fr\/index.php\/wp-json\/wp\/v2\/pages"}],"about":[{"href":"https:\/\/legecapferret-handball.fr\/index.php\/wp-json\/wp\/v2\/types\/page"}],"author":[{"embeddable":true,"href":"https:\/\/legecapferret-handball.fr\/index.php\/wp-json\/wp\/v2\/users\/1"}],"replies":[{"embeddable":true,"href":"https:\/\/legecapferret-handball.fr\/index.php\/wp-json\/wp\/v2\/comments?post=1310"}],"version-history":[{"count":16,"href":"https:\/\/legecapferret-handball.fr\/index.php\/wp-json\/wp\/v2\/pages\/1310\/revisions"}],"predecessor-version":[{"id":2147,"href":"https:\/\/legecapferret-handball.fr\/index.php\/wp-json\/wp\/v2\/pages\/1310\/revisions\/2147"}],"wp:attachment":[{"href":"https:\/\/legecapferret-handball.fr\/index.php\/wp-json\/wp\/v2\/media?parent=1310"}],"curies":[{"name":"wp","href":"https:\/\/api.w.org\/{rel}","templated":true}]}}