{"id":128,"date":"2024-03-11T21:38:17","date_gmt":"2024-03-11T20:38:17","guid":{"rendered":"https:\/\/legecapferret-handball.fr\/?page_id=128"},"modified":"2025-12-01T23:04:54","modified_gmt":"2025-12-01T22:04:54","slug":"u15-filles","status":"publish","type":"page","link":"https:\/\/legecapferret-handball.fr\/index.php\/u15-filles\/","title":{"rendered":"U15 FILLES 1"},"content":{"rendered":"\t\t<div data-elementor-type=\"wp-page\" data-elementor-id=\"128\" class=\"elementor elementor-128\">\n\t\t\t\t<div class=\"elementor-element elementor-element-c16dc91 e-flex e-con-boxed wpr-particle-no wpr-jarallax-no wpr-parallax-no wpr-sticky-section-no wpr-equal-height-no e-con e-parent\" data-id=\"c16dc91\" data-element_type=\"container\" data-e-type=\"container\">\n\t\t\t\t\t<div class=\"e-con-inner\">\n\t\t\t\t<div class=\"elementor-element elementor-element-96fe443 elementor-widget elementor-widget-heading\" data-id=\"96fe443\" data-element_type=\"widget\" data-e-type=\"widget\" data-widget_type=\"heading.default\">\n\t\t\t\t<div class=\"elementor-widget-container\">\n\t\t\t\t\t<h2 class=\"elementor-heading-title elementor-size-default\">\ud83d\udc1d U15 filles equipe 1 \ud83d\udc1d<\/h2>\t\t\t\t<\/div>\n\t\t\t\t<\/div>\n\t\t\t\t\t<\/div>\n\t\t\t\t<\/div>\n\t\t<div class=\"elementor-element elementor-element-e9ec75b e-flex e-con-boxed wpr-particle-no wpr-jarallax-no wpr-parallax-no wpr-sticky-section-no wpr-equal-height-no e-con e-parent\" data-id=\"e9ec75b\" data-element_type=\"container\" data-e-type=\"container\">\n\t\t\t\t\t<div class=\"e-con-inner\">\n\t\t\t\t<div class=\"elementor-element elementor-element-61c1a88 elementor-widget elementor-widget-image\" data-id=\"61c1a88\" data-element_type=\"widget\" data-e-type=\"widget\" data-widget_type=\"image.default\">\n\t\t\t\t<div class=\"elementor-widget-container\">\n\t\t\t\t\t\t\t\t\t\t\t\t\t\t\t<img fetchpriority=\"high\" decoding=\"async\" width=\"960\" height=\"720\" src=\"https:\/\/legecapferret-handball.fr\/wp-content\/uploads\/2024\/11\/image_50740993-1024x768.jpg\" class=\"attachment-large size-large wp-image-1475\" alt=\"Equipe U15 filles \u00e9quipe 1\" srcset=\"https:\/\/legecapferret-handball.fr\/wp-content\/uploads\/2024\/11\/image_50740993-1024x768.jpg 1024w, https:\/\/legecapferret-handball.fr\/wp-content\/uploads\/2024\/11\/image_50740993-300x225.jpg 300w, https:\/\/legecapferret-handball.fr\/wp-content\/uploads\/2024\/11\/image_50740993-768x576.jpg 768w, https:\/\/legecapferret-handball.fr\/wp-content\/uploads\/2024\/11\/image_50740993-1536x1152.jpg 1536w, https:\/\/legecapferret-handball.fr\/wp-content\/uploads\/2024\/11\/image_50740993-2048x1536.jpg 2048w, https:\/\/legecapferret-handball.fr\/wp-content\/uploads\/2024\/11\/image_50740993-128x96.jpg 128w, https:\/\/legecapferret-handball.fr\/wp-content\/uploads\/2024\/11\/image_50740993-32x24.jpg 32w\" sizes=\"(max-width: 960px) 100vw, 960px\" \/>\t\t\t\t\t\t\t\t\t\t\t\t\t\t\t<\/div>\n\t\t\t\t<\/div>\n\t\t\t\t\t<\/div>\n\t\t\t\t<\/div>\n\t\t<div class=\"elementor-element elementor-element-9fa7dcf e-flex e-con-boxed wpr-particle-no wpr-jarallax-no wpr-parallax-no wpr-sticky-section-no wpr-equal-height-no e-con e-parent\" data-id=\"9fa7dcf\" data-element_type=\"container\" data-e-type=\"container\">\n\t\t\t\t\t<div class=\"e-con-inner\">\n\t\t\t\t<div class=\"elementor-element elementor-element-94b712e elementor-widget elementor-widget-spacer\" data-id=\"94b712e\" data-element_type=\"widget\" data-e-type=\"widget\" data-widget_type=\"spacer.default\">\n\t\t\t\t<div class=\"elementor-widget-container\">\n\t\t\t\t\t\t\t<div class=\"elementor-spacer\">\n\t\t\t<div class=\"elementor-spacer-inner\"><\/div>\n\t\t<\/div>\n\t\t\t\t\t\t<\/div>\n\t\t\t\t<\/div>\n\t\t\t\t<div class=\"elementor-element elementor-element-2c6d77c elementor-tabs-alignment-center elementor-tabs-view-horizontal elementor-widget elementor-widget-tabs\" data-id=\"2c6d77c\" data-element_type=\"widget\" data-e-type=\"widget\" data-widget_type=\"tabs.default\">\n\t\t\t\t<div class=\"elementor-widget-container\">\n\t\t\t\t\t\t\t<div class=\"elementor-tabs\">\n\t\t\t<div class=\"elementor-tabs-wrapper\" role=\"tablist\" >\n\t\t\t\t\t\t\t\t\t<div id=\"elementor-tab-title-4651\" class=\"elementor-tab-title elementor-tab-desktop-title\" aria-selected=\"true\" data-tab=\"1\" role=\"tab\" tabindex=\"0\" aria-controls=\"elementor-tab-content-4651\" aria-expanded=\"false\">Classement <\/div>\n\t\t\t\t\t\t\t\t\t<div id=\"elementor-tab-title-4652\" class=\"elementor-tab-title elementor-tab-desktop-title\" aria-selected=\"false\" data-tab=\"2\" role=\"tab\" tabindex=\"-1\" aria-controls=\"elementor-tab-content-4652\" aria-expanded=\"false\">Effectifs<\/div>\n\t\t\t\t\t\t\t<\/div>\n\t\t\t<div class=\"elementor-tabs-content-wrapper\" role=\"tablist\" aria-orientation=\"vertical\">\n\t\t\t\t\t\t\t\t\t<div class=\"elementor-tab-title elementor-tab-mobile-title\" aria-selected=\"true\" data-tab=\"1\" role=\"tab\" tabindex=\"0\" aria-controls=\"elementor-tab-content-4651\" aria-expanded=\"false\">Classement <\/div>\n\t\t\t\t\t<div id=\"elementor-tab-content-4651\" class=\"elementor-tab-content elementor-clearfix\" data-tab=\"1\" role=\"tabpanel\" aria-labelledby=\"elementor-tab-title-4651\" tabindex=\"0\" hidden=\"false\"><div class=\"scorenco-widget\" style=\"background: #F2F5F9; height: 500px; display: flex; align-items: center; justify-content: center; flex-direction: column; text-transform: uppercase; font-family: sans-serif; font-weight: bolder; gap: 9px; color: #1e457b;\" data-widget-type=\"ranking\" data-widget-id=\"167338\"><div class=\"ldsdr\">\u00a0<\/div><p>Score&rsquo;n&rsquo;co &#8211; L\u00e8ge Cap Ferret Handball<\/p><\/div><p><style>.ldsdr{display:inline-block;width:80px;height:80px}.ldsdr:after{content:\" \";display:block;width:64px;height:64px;margin:8px;border-radius:50%;border:6px solid #1E457B;border-color:#1E457B transparent;animation:ldsdr 1.2s linear infinite}@keyframes ldsdr{0%{transform:rotate(0deg)}100%{transform:rotate(360deg)}}<\/style><\/p><p><script async defer src=\"https:\/\/widgets.scorenco.com\/host\/widgets.js\"><\/script><\/p><\/div>\n\t\t\t\t\t\t\t\t\t<div class=\"elementor-tab-title elementor-tab-mobile-title\" aria-selected=\"false\" data-tab=\"2\" role=\"tab\" tabindex=\"-1\" aria-controls=\"elementor-tab-content-4652\" aria-expanded=\"false\">Effectifs<\/div>\n\t\t\t\t\t<div id=\"elementor-tab-content-4652\" class=\"elementor-tab-content elementor-clearfix\" data-tab=\"2\" role=\"tabpanel\" aria-labelledby=\"elementor-tab-title-4652\" tabindex=\"0\" hidden=\"hidden\"><p><b><u>Composition de l&rsquo;\u00e9quipe<\/u><\/b> (dans l&rsquo;ordre alphab\u00e9tique) :<\/p><article class=\"text-token-text-primary w-full focus:outline-none [--shadow-height:45px] has-data-writing-block:pointer-events-none has-data-writing-block:-mt-(--shadow-height) has-data-writing-block:pt-(--shadow-height) [&amp;:has([data-writing-block])&gt;*]:pointer-events-auto scroll-mt-[calc(var(--header-height)+min(200px,max(70px,20svh)))]\" dir=\"auto\" tabindex=\"-1\" data-turn-id=\"request-WEB:829adf11-54f6-4f52-a3f5-99684dc7aa8e-1\" data-testid=\"conversation-turn-4\" data-scroll-anchor=\"true\" data-turn=\"assistant\"><div class=\"text-base my-auto mx-auto pb-10 [--thread-content-margin:--spacing(4)] thread-sm:[--thread-content-margin:--spacing(6)] thread-lg:[--thread-content-margin:--spacing(16)] px-(--thread-content-margin)\"><div class=\"[--thread-content-max-width:40rem] thread-lg:[--thread-content-max-width:48rem] mx-auto max-w-(--thread-content-max-width) flex-1 group\/turn-messages focus-visible:outline-hidden relative flex w-full min-w-0 flex-col agent-turn\" tabindex=\"-1\"><div class=\"flex max-w-full flex-col grow\"><div class=\"min-h-8 text-message relative flex w-full flex-col items-end gap-2 text-start break-words whitespace-normal [.text-message+&amp;]:mt-1\" dir=\"auto\" data-message-author-role=\"assistant\" data-message-id=\"961d9a43-c203-4254-8684-87b502370de3\" data-message-model-slug=\"gpt-5-1\"><div class=\"flex w-full flex-col gap-1 empty:hidden first:pt-[1px]\"><div class=\"markdown prose dark:prose-invert w-full break-words light markdown-new-styling\"><p data-start=\"67\" data-end=\"439\" data-is-last-node=\"\" data-is-only-node=\"\">BERGHEAUD Lise, BONDY Julia, CHARTIER Chlo\u00e9, CLAIN C\u00e9cile, DA SILVA Jade, DEGARDIN In\u00e8s, DELEPLANQUE Juliette, DEPRET Faustine, DUPE Ainhoa, DUPOUY GARDIEN Wallis, FERRAGGI L\u00e9ane, GAULHIAC Cl\u00e9mentine, NADAL Jeanne, NAFFRICHOUX Louna, RIVIERE CAVIGNAC Laura, ROVERE Jeanne, VERDIER Jeanne, ZAGHOUANI Ella<\/p><\/div><\/div><\/div><\/div><div class=\"z-0 flex min-h-[46px] justify-start\">\u00a0<\/div><div class=\"mt-3 w-full empty:hidden\"><div class=\"text-center\">\u00a0<\/div><\/div><\/div><\/div><\/article><div class=\"pointer-events-none h-px w-px\" aria-hidden=\"true\" data-edge=\"true\">\u00a0<\/div><p><span style=\"text-decoration: underline;\"><strong>Entraineur<\/strong><\/span> :<\/p><p><span style=\"text-decoration: underline;\"><strong>Dirigeante<\/strong><\/span> :\u00a0<\/p><\/div>\n\t\t\t\t\t\t\t<\/div>\n\t\t<\/div>\n\t\t\t\t\t\t<\/div>\n\t\t\t\t<\/div>\n\t\t\t\t\t<\/div>\n\t\t\t\t<\/div>\n\t\t\t\t<\/div>\n\t\t","protected":false},"excerpt":{"rendered":"<p>\ud83d\udc1d U15 filles equipe 1 \ud83d\udc1d Classement Effectifs Classement \u00a0 Score&rsquo;n&rsquo;co &#8211; L\u00e8ge Cap Ferret Handball Effectifs Composition de l&rsquo;\u00e9quipe (dans l&rsquo;ordre alphab\u00e9tique) : BERGHEAUD Lise, BONDY Julia, CHARTIER Chlo\u00e9, CLAIN C\u00e9cile, DA SILVA Jade, DEGARDIN In\u00e8s, DELEPLANQUE Juliette, DEPRET Faustine, DUPE Ainhoa, DUPOUY GARDIEN Wallis, FERRAGGI L\u00e9ane, GAULHIAC Cl\u00e9mentine, NADAL Jeanne, NAFFRICHOUX Louna, RIVIERE CAVIGNAC Laura, ROVERE Jeanne, VERDIER Jeanne, ZAGHOUANI Ella \u00a0\u00a0 \u00a0 Entraineur : Dirigeante :\u00a0<\/p>\n","protected":false},"author":1,"featured_media":0,"parent":0,"menu_order":0,"comment_status":"closed","ping_status":"closed","template":"","meta":{"footnotes":""},"class_list":["post-128","page","type-page","status-publish","hentry"],"_links":{"self":[{"href":"https:\/\/legecapferret-handball.fr\/index.php\/wp-json\/wp\/v2\/pages\/128","targetHints":{"allow":["GET"]}}],"collection":[{"href":"https:\/\/legecapferret-handball.fr\/index.php\/wp-json\/wp\/v2\/pages"}],"about":[{"href":"https:\/\/legecapferret-handball.fr\/index.php\/wp-json\/wp\/v2\/types\/page"}],"author":[{"embeddable":true,"href":"https:\/\/legecapferret-handball.fr\/index.php\/wp-json\/wp\/v2\/users\/1"}],"replies":[{"embeddable":true,"href":"https:\/\/legecapferret-handball.fr\/index.php\/wp-json\/wp\/v2\/comments?post=128"}],"version-history":[{"count":38,"href":"https:\/\/legecapferret-handball.fr\/index.php\/wp-json\/wp\/v2\/pages\/128\/revisions"}],"predecessor-version":[{"id":2126,"href":"https:\/\/legecapferret-handball.fr\/index.php\/wp-json\/wp\/v2\/pages\/128\/revisions\/2126"}],"wp:attachment":[{"href":"https:\/\/legecapferret-handball.fr\/index.php\/wp-json\/wp\/v2\/media?parent=128"}],"curies":[{"name":"wp","href":"https:\/\/api.w.org\/{rel}","templated":true}]}}