{"id":126,"date":"2024-03-11T21:37:58","date_gmt":"2024-03-11T20:37:58","guid":{"rendered":"https:\/\/legecapferret-handball.fr\/?page_id=126"},"modified":"2025-12-01T23:11:49","modified_gmt":"2025-12-01T22:11:49","slug":"u13-garcons","status":"publish","type":"page","link":"https:\/\/legecapferret-handball.fr\/index.php\/u13-garcons\/","title":{"rendered":"U13 GAR\u00c7ONS"},"content":{"rendered":"\t\t<div data-elementor-type=\"wp-page\" data-elementor-id=\"126\" class=\"elementor elementor-126\">\n\t\t\t\t<div class=\"elementor-element elementor-element-ff71c21 e-flex e-con-boxed wpr-particle-no wpr-jarallax-no wpr-parallax-no wpr-sticky-section-no wpr-equal-height-no e-con e-parent\" data-id=\"ff71c21\" data-element_type=\"container\" data-e-type=\"container\">\n\t\t\t\t\t<div class=\"e-con-inner\">\n\t\t\t\t<div class=\"elementor-element elementor-element-eb2584d elementor-widget elementor-widget-heading\" data-id=\"eb2584d\" data-element_type=\"widget\" data-e-type=\"widget\" data-widget_type=\"heading.default\">\n\t\t\t\t<div class=\"elementor-widget-container\">\n\t\t\t\t\t<h2 class=\"elementor-heading-title elementor-size-default\">\ud83d\udc1d U13 gar\u00e7ons \ud83d\udc1d <\/h2>\t\t\t\t<\/div>\n\t\t\t\t<\/div>\n\t\t\t\t\t<\/div>\n\t\t\t\t<\/div>\n\t\t<div class=\"elementor-element elementor-element-a553b88 e-flex e-con-boxed wpr-particle-no wpr-jarallax-no wpr-parallax-no wpr-sticky-section-no wpr-equal-height-no e-con e-parent\" data-id=\"a553b88\" data-element_type=\"container\" data-e-type=\"container\">\n\t\t\t\t\t<div class=\"e-con-inner\">\n\t\t\t\t<div class=\"elementor-element elementor-element-4828b4a elementor-widget elementor-widget-image\" data-id=\"4828b4a\" data-element_type=\"widget\" data-e-type=\"widget\" data-widget_type=\"image.default\">\n\t\t\t\t<div class=\"elementor-widget-container\">\n\t\t\t\t\t\t\t\t\t\t\t\t\t\t\t<img fetchpriority=\"high\" decoding=\"async\" width=\"590\" height=\"391\" src=\"https:\/\/legecapferret-handball.fr\/wp-content\/uploads\/2024\/06\/patienter2-1.png\" class=\"attachment-large size-large wp-image-680\" alt=\"Photo attente\" srcset=\"https:\/\/legecapferret-handball.fr\/wp-content\/uploads\/2024\/06\/patienter2-1.png 590w, https:\/\/legecapferret-handball.fr\/wp-content\/uploads\/2024\/06\/patienter2-1-300x199.png 300w, https:\/\/legecapferret-handball.fr\/wp-content\/uploads\/2024\/06\/patienter2-1-128x85.png 128w, https:\/\/legecapferret-handball.fr\/wp-content\/uploads\/2024\/06\/patienter2-1-32x21.png 32w\" sizes=\"(max-width: 590px) 100vw, 590px\" \/>\t\t\t\t\t\t\t\t\t\t\t\t\t\t\t<\/div>\n\t\t\t\t<\/div>\n\t\t\t\t\t<\/div>\n\t\t\t\t<\/div>\n\t\t<div class=\"elementor-element elementor-element-c7087ba e-flex e-con-boxed wpr-particle-no wpr-jarallax-no wpr-parallax-no wpr-sticky-section-no wpr-equal-height-no e-con e-parent\" data-id=\"c7087ba\" data-element_type=\"container\" data-e-type=\"container\">\n\t\t\t\t\t<div class=\"e-con-inner\">\n\t\t\t\t<div class=\"elementor-element elementor-element-6e87e7a elementor-widget elementor-widget-spacer\" data-id=\"6e87e7a\" data-element_type=\"widget\" data-e-type=\"widget\" data-widget_type=\"spacer.default\">\n\t\t\t\t<div class=\"elementor-widget-container\">\n\t\t\t\t\t\t\t<div class=\"elementor-spacer\">\n\t\t\t<div class=\"elementor-spacer-inner\"><\/div>\n\t\t<\/div>\n\t\t\t\t\t\t<\/div>\n\t\t\t\t<\/div>\n\t\t\t\t<div class=\"elementor-element elementor-element-ebaeb18 elementor-tabs-alignment-center elementor-tabs-view-horizontal elementor-widget elementor-widget-tabs\" data-id=\"ebaeb18\" data-element_type=\"widget\" data-e-type=\"widget\" data-widget_type=\"tabs.default\">\n\t\t\t\t<div class=\"elementor-widget-container\">\n\t\t\t\t\t\t\t<div class=\"elementor-tabs\">\n\t\t\t<div class=\"elementor-tabs-wrapper\" role=\"tablist\" >\n\t\t\t\t\t\t\t\t\t<div id=\"elementor-tab-title-2471\" class=\"elementor-tab-title elementor-tab-desktop-title\" aria-selected=\"true\" data-tab=\"1\" role=\"tab\" tabindex=\"0\" aria-controls=\"elementor-tab-content-2471\" aria-expanded=\"false\">Classement <\/div>\n\t\t\t\t\t\t\t\t\t<div id=\"elementor-tab-title-2472\" class=\"elementor-tab-title elementor-tab-desktop-title\" aria-selected=\"false\" data-tab=\"2\" role=\"tab\" tabindex=\"-1\" aria-controls=\"elementor-tab-content-2472\" aria-expanded=\"false\">Effectifs<\/div>\n\t\t\t\t\t\t\t<\/div>\n\t\t\t<div class=\"elementor-tabs-content-wrapper\" role=\"tablist\" aria-orientation=\"vertical\">\n\t\t\t\t\t\t\t\t\t<div class=\"elementor-tab-title elementor-tab-mobile-title\" aria-selected=\"true\" data-tab=\"1\" role=\"tab\" tabindex=\"0\" aria-controls=\"elementor-tab-content-2471\" aria-expanded=\"false\">Classement <\/div>\n\t\t\t\t\t<div id=\"elementor-tab-content-2471\" class=\"elementor-tab-content elementor-clearfix\" data-tab=\"1\" role=\"tabpanel\" aria-labelledby=\"elementor-tab-title-2471\" tabindex=\"0\" hidden=\"false\"><div class=\"scorenco-widget\" data-widget-type=\"ranking\" data-widget-id=\"167366\" style=\"background: #F2F5F9; height: 500px; display: flex; align-items: center; justify-content: center; flex-direction: column;text-transform: uppercase; font-family: sans-serif; font-weight: bolder; gap: 9px; color:#1E457B;\">\n  <div class=\"ldsdr\"><\/div>\n  Score&rsquo;n&rsquo;co &#8211; L\u00e8ge Cap Ferret Handball\n  <\/div>\n  <style>.ldsdr{display:inline-block;width:80px;height:80px}.ldsdr:after{content:\" \";display:block;width:64px;height:64px;margin:8px;border-radius:50%;border:6px solid #1E457B;border-color:#1E457B transparent;animation:ldsdr 1.2s linear infinite}@keyframes ldsdr{0%{transform:rotate(0deg)}100%{transform:rotate(360deg)}}<\/style>\n  <script async defer src=\"https:\/\/widgets.scorenco.com\/host\/widgets.js\"><\/script><\/div>\n\t\t\t\t\t\t\t\t\t<div class=\"elementor-tab-title elementor-tab-mobile-title\" aria-selected=\"false\" data-tab=\"2\" role=\"tab\" tabindex=\"-1\" aria-controls=\"elementor-tab-content-2472\" aria-expanded=\"false\">Effectifs<\/div>\n\t\t\t\t\t<div id=\"elementor-tab-content-2472\" class=\"elementor-tab-content elementor-clearfix\" data-tab=\"2\" role=\"tabpanel\" aria-labelledby=\"elementor-tab-title-2472\" tabindex=\"0\" hidden=\"hidden\"><p><b><u>Composition de l&rsquo;\u00e9quipe<\/u><\/b> (dans l&rsquo;ordre alphab\u00e9tique) :&nbsp;<\/p>\n<p>BEZAID Shady, BRUSQUETS Louca, CHENET Charlie, DOUSSY Nicolas, DUFOURG Jules, ECLANCHER Nolan, EQUOY Ronan, GROLLEAU Thibault, GUINET Gabriel, HENNEQUIN Arthur, JORGE RIBEIRO Matteo, KARIM EL IDRISSI No\u00e9, MAGNA Jules, PAGUET Lyam, PICARD Valentin, PILUDU Gabriel, SANGLE Martin, SOLA RABET Eliott, TOURNADOUR Ethan<\/p>\n<p><span style=\"text-decoration: underline;\"><strong>Entraineur<\/strong><\/span> :&nbsp;<\/p>\n<p><span style=\"text-decoration: underline;\"><strong>Dirigeants<\/strong><\/span> :&nbsp;<\/p><\/div>\n\t\t\t\t\t\t\t<\/div>\n\t\t<\/div>\n\t\t\t\t\t\t<\/div>\n\t\t\t\t<\/div>\n\t\t\t\t\t<\/div>\n\t\t\t\t<\/div>\n\t\t\t\t<\/div>\n\t\t","protected":false},"excerpt":{"rendered":"<p>\ud83d\udc1d U13 gar\u00e7ons \ud83d\udc1d Classement Effectifs Classement Score&rsquo;n&rsquo;co &#8211; L\u00e8ge Cap Ferret Handball Effectifs Composition de l&rsquo;\u00e9quipe (dans l&rsquo;ordre alphab\u00e9tique) :&nbsp; BEZAID Shady, BRUSQUETS Louca, CHENET Charlie, DOUSSY Nicolas, DUFOURG Jules, ECLANCHER Nolan, EQUOY Ronan, GROLLEAU Thibault, GUINET Gabriel, HENNEQUIN Arthur, JORGE RIBEIRO Matteo, KARIM EL IDRISSI No\u00e9, MAGNA Jules, PAGUET Lyam, PICARD Valentin, PILUDU Gabriel, SANGLE Martin, SOLA RABET Eliott, TOURNADOUR Ethan Entraineur :&nbsp; Dirigeants :&nbsp;<\/p>\n","protected":false},"author":1,"featured_media":0,"parent":0,"menu_order":0,"comment_status":"closed","ping_status":"closed","template":"","meta":{"footnotes":""},"class_list":["post-126","page","type-page","status-publish","hentry"],"_links":{"self":[{"href":"https:\/\/legecapferret-handball.fr\/index.php\/wp-json\/wp\/v2\/pages\/126","targetHints":{"allow":["GET"]}}],"collection":[{"href":"https:\/\/legecapferret-handball.fr\/index.php\/wp-json\/wp\/v2\/pages"}],"about":[{"href":"https:\/\/legecapferret-handball.fr\/index.php\/wp-json\/wp\/v2\/types\/page"}],"author":[{"embeddable":true,"href":"https:\/\/legecapferret-handball.fr\/index.php\/wp-json\/wp\/v2\/users\/1"}],"replies":[{"embeddable":true,"href":"https:\/\/legecapferret-handball.fr\/index.php\/wp-json\/wp\/v2\/comments?post=126"}],"version-history":[{"count":31,"href":"https:\/\/legecapferret-handball.fr\/index.php\/wp-json\/wp\/v2\/pages\/126\/revisions"}],"predecessor-version":[{"id":2138,"href":"https:\/\/legecapferret-handball.fr\/index.php\/wp-json\/wp\/v2\/pages\/126\/revisions\/2138"}],"wp:attachment":[{"href":"https:\/\/legecapferret-handball.fr\/index.php\/wp-json\/wp\/v2\/media?parent=126"}],"curies":[{"name":"wp","href":"https:\/\/api.w.org\/{rel}","templated":true}]}}