{"id":120,"date":"2024-03-11T21:36:04","date_gmt":"2024-03-11T20:36:04","guid":{"rendered":"https:\/\/legecapferret-handball.fr\/?page_id=120"},"modified":"2025-12-01T23:38:50","modified_gmt":"2025-12-01T22:38:50","slug":"u11-filles","status":"publish","type":"page","link":"https:\/\/legecapferret-handball.fr\/index.php\/u11-filles\/","title":{"rendered":"U11 FILLES 1"},"content":{"rendered":"\t\t<div data-elementor-type=\"wp-page\" data-elementor-id=\"120\" class=\"elementor elementor-120\">\n\t\t\t\t<div class=\"elementor-element elementor-element-b95ca51 e-flex e-con-boxed wpr-particle-no wpr-jarallax-no wpr-parallax-no wpr-sticky-section-no wpr-equal-height-no e-con e-parent\" data-id=\"b95ca51\" data-element_type=\"container\" data-e-type=\"container\">\n\t\t\t\t\t<div class=\"e-con-inner\">\n\t\t\t\t<div class=\"elementor-element elementor-element-5f9eeab elementor-widget elementor-widget-image\" data-id=\"5f9eeab\" data-element_type=\"widget\" data-e-type=\"widget\" data-widget_type=\"image.default\">\n\t\t\t\t<div class=\"elementor-widget-container\">\n\t\t\t\t\t\t\t\t\t\t\t\t\t\t\t<img fetchpriority=\"high\" decoding=\"async\" width=\"590\" height=\"391\" src=\"https:\/\/legecapferret-handball.fr\/wp-content\/uploads\/2024\/06\/patienter2-1.png\" class=\"attachment-large size-large wp-image-680\" alt=\"Photo attente\" srcset=\"https:\/\/legecapferret-handball.fr\/wp-content\/uploads\/2024\/06\/patienter2-1.png 590w, https:\/\/legecapferret-handball.fr\/wp-content\/uploads\/2024\/06\/patienter2-1-300x199.png 300w, https:\/\/legecapferret-handball.fr\/wp-content\/uploads\/2024\/06\/patienter2-1-128x85.png 128w, https:\/\/legecapferret-handball.fr\/wp-content\/uploads\/2024\/06\/patienter2-1-32x21.png 32w\" sizes=\"(max-width: 590px) 100vw, 590px\" \/>\t\t\t\t\t\t\t\t\t\t\t\t\t\t\t<\/div>\n\t\t\t\t<\/div>\n\t\t\t\t\t<\/div>\n\t\t\t\t<\/div>\n\t\t<div class=\"elementor-element elementor-element-2b5aed9 e-flex e-con-boxed wpr-particle-no wpr-jarallax-no wpr-parallax-no wpr-sticky-section-no wpr-equal-height-no e-con e-parent\" data-id=\"2b5aed9\" data-element_type=\"container\" data-e-type=\"container\">\n\t\t\t\t\t<div class=\"e-con-inner\">\n\t\t\t\t<div class=\"elementor-element elementor-element-a4a6046 elementor-widget elementor-widget-spacer\" data-id=\"a4a6046\" data-element_type=\"widget\" data-e-type=\"widget\" data-widget_type=\"spacer.default\">\n\t\t\t\t<div class=\"elementor-widget-container\">\n\t\t\t\t\t\t\t<div class=\"elementor-spacer\">\n\t\t\t<div class=\"elementor-spacer-inner\"><\/div>\n\t\t<\/div>\n\t\t\t\t\t\t<\/div>\n\t\t\t\t<\/div>\n\t\t\t\t<div class=\"elementor-element elementor-element-b161b27 elementor-tabs-alignment-center elementor-tabs-view-horizontal elementor-widget elementor-widget-tabs\" data-id=\"b161b27\" data-element_type=\"widget\" data-e-type=\"widget\" data-widget_type=\"tabs.default\">\n\t\t\t\t<div class=\"elementor-widget-container\">\n\t\t\t\t\t\t\t<div class=\"elementor-tabs\">\n\t\t\t<div class=\"elementor-tabs-wrapper\" role=\"tablist\" >\n\t\t\t\t\t\t\t\t\t<div id=\"elementor-tab-title-1851\" class=\"elementor-tab-title elementor-tab-desktop-title\" aria-selected=\"true\" data-tab=\"1\" role=\"tab\" tabindex=\"0\" aria-controls=\"elementor-tab-content-1851\" aria-expanded=\"false\">Classement <\/div>\n\t\t\t\t\t\t\t\t\t<div id=\"elementor-tab-title-1852\" class=\"elementor-tab-title elementor-tab-desktop-title\" aria-selected=\"false\" data-tab=\"2\" role=\"tab\" tabindex=\"-1\" aria-controls=\"elementor-tab-content-1852\" aria-expanded=\"false\">Effectifs<\/div>\n\t\t\t\t\t\t\t<\/div>\n\t\t\t<div class=\"elementor-tabs-content-wrapper\" role=\"tablist\" aria-orientation=\"vertical\">\n\t\t\t\t\t\t\t\t\t<div class=\"elementor-tab-title elementor-tab-mobile-title\" aria-selected=\"true\" data-tab=\"1\" role=\"tab\" tabindex=\"0\" aria-controls=\"elementor-tab-content-1851\" aria-expanded=\"false\">Classement <\/div>\n\t\t\t\t\t<div id=\"elementor-tab-content-1851\" class=\"elementor-tab-content elementor-clearfix\" data-tab=\"1\" role=\"tabpanel\" aria-labelledby=\"elementor-tab-title-1851\" tabindex=\"0\" hidden=\"false\"><div class=\"scorenco-widget\" data-widget-type=\"ranking\" data-widget-id=\"167370\" style=\"background: #F2F5F9; height: 500px; display: flex; align-items: center; justify-content: center; flex-direction: column;text-transform: uppercase; font-family: sans-serif; font-weight: bolder; gap: 9px; color:#1E457B;\">\n  <div class=\"ldsdr\"><\/div>\n  Score&rsquo;n&rsquo;co &#8211; L\u00e8ge Cap Ferret Handball\n  <\/div>\n  <style>.ldsdr{display:inline-block;width:80px;height:80px}.ldsdr:after{content:\" \";display:block;width:64px;height:64px;margin:8px;border-radius:50%;border:6px solid #1E457B;border-color:#1E457B transparent;animation:ldsdr 1.2s linear infinite}@keyframes ldsdr{0%{transform:rotate(0deg)}100%{transform:rotate(360deg)}}<\/style>\n  <script async defer src=\"https:\/\/widgets.scorenco.com\/host\/widgets.js\"><\/script><\/div>\n\t\t\t\t\t\t\t\t\t<div class=\"elementor-tab-title elementor-tab-mobile-title\" aria-selected=\"false\" data-tab=\"2\" role=\"tab\" tabindex=\"-1\" aria-controls=\"elementor-tab-content-1852\" aria-expanded=\"false\">Effectifs<\/div>\n\t\t\t\t\t<div id=\"elementor-tab-content-1852\" class=\"elementor-tab-content elementor-clearfix\" data-tab=\"2\" role=\"tabpanel\" aria-labelledby=\"elementor-tab-title-1852\" tabindex=\"0\" hidden=\"hidden\"><p><b><u>Composition de l&rsquo;\u00e9quipe<\/u><\/b> (dans l&rsquo;ordre alphab\u00e9tique) :\u00a0<\/p><p>AGARD Gabrielle, BARDONNECHE Enola, BAYRAND Capucine, BOU Silane, CAMELEYRE MARCHE Manon, DESCOUSTEY Chlo\u00e9, DUHARD Anouk, FARGUES Louane, FERRAGGI Manon, FURLANETTO Jeanne, HUGON Zoe, LADOUX M\u00e9lissa, LENOIR No\u00eblly, MARTIN Judica\u00eblle, PHILIPPEAU SOULET Lison, RAMOND Hortense, RENARD Eloa, ROUX Louise, TOHON Lydia-Rose, YOUSSEFANE BECU Joy, YOUSSEFANE BECU Mila, ZAGHOUANI Calie<\/p><p><span style=\"text-decoration: underline;\"><strong>Entraineur<\/strong><\/span> :\u00a0<\/p><p><span style=\"text-decoration: underline;\"><strong>Dirigeants<\/strong><\/span> :\u00a0<\/p><\/div>\n\t\t\t\t\t\t\t<\/div>\n\t\t<\/div>\n\t\t\t\t\t\t<\/div>\n\t\t\t\t<\/div>\n\t\t\t\t\t<\/div>\n\t\t\t\t<\/div>\n\t\t\t\t<\/div>\n\t\t","protected":false},"excerpt":{"rendered":"<p>Classement Effectifs Classement Score&rsquo;n&rsquo;co &#8211; L\u00e8ge Cap Ferret Handball Effectifs Composition de l&rsquo;\u00e9quipe (dans l&rsquo;ordre alphab\u00e9tique) :\u00a0 AGARD Gabrielle, BARDONNECHE Enola, BAYRAND Capucine, BOU Silane, CAMELEYRE MARCHE Manon, DESCOUSTEY Chlo\u00e9, DUHARD Anouk, FARGUES Louane, FERRAGGI Manon, FURLANETTO Jeanne, HUGON Zoe, LADOUX M\u00e9lissa, LENOIR No\u00eblly, MARTIN Judica\u00eblle, PHILIPPEAU SOULET Lison, RAMOND Hortense, RENARD Eloa, ROUX Louise, TOHON Lydia-Rose, YOUSSEFANE BECU Joy, YOUSSEFANE BECU Mila, ZAGHOUANI Calie Entraineur :\u00a0 Dirigeants :\u00a0<\/p>\n","protected":false},"author":1,"featured_media":0,"parent":0,"menu_order":0,"comment_status":"closed","ping_status":"closed","template":"","meta":{"footnotes":""},"class_list":["post-120","page","type-page","status-publish","hentry"],"_links":{"self":[{"href":"https:\/\/legecapferret-handball.fr\/index.php\/wp-json\/wp\/v2\/pages\/120","targetHints":{"allow":["GET"]}}],"collection":[{"href":"https:\/\/legecapferret-handball.fr\/index.php\/wp-json\/wp\/v2\/pages"}],"about":[{"href":"https:\/\/legecapferret-handball.fr\/index.php\/wp-json\/wp\/v2\/types\/page"}],"author":[{"embeddable":true,"href":"https:\/\/legecapferret-handball.fr\/index.php\/wp-json\/wp\/v2\/users\/1"}],"replies":[{"embeddable":true,"href":"https:\/\/legecapferret-handball.fr\/index.php\/wp-json\/wp\/v2\/comments?post=120"}],"version-history":[{"count":17,"href":"https:\/\/legecapferret-handball.fr\/index.php\/wp-json\/wp\/v2\/pages\/120\/revisions"}],"predecessor-version":[{"id":2172,"href":"https:\/\/legecapferret-handball.fr\/index.php\/wp-json\/wp\/v2\/pages\/120\/revisions\/2172"}],"wp:attachment":[{"href":"https:\/\/legecapferret-handball.fr\/index.php\/wp-json\/wp\/v2\/media?parent=120"}],"curies":[{"name":"wp","href":"https:\/\/api.w.org\/{rel}","templated":true}]}}