{"id":1037,"date":"2024-09-09T11:38:24","date_gmt":"2024-09-09T09:38:24","guid":{"rendered":"https:\/\/legecapferret-handball.fr\/?page_id=1037"},"modified":"2026-02-28T21:57:00","modified_gmt":"2026-02-28T20:57:00","slug":"mentions-legales","status":"publish","type":"page","link":"https:\/\/legecapferret-handball.fr\/index.php\/mentions-legales\/","title":{"rendered":"Mentions l\u00e9gales"},"content":{"rendered":"\t\t<div data-elementor-type=\"wp-page\" data-elementor-id=\"1037\" class=\"elementor elementor-1037\">\n\t\t\t\t<div class=\"elementor-element elementor-element-552d11c e-flex e-con-boxed wpr-particle-no wpr-jarallax-no wpr-parallax-no wpr-sticky-section-no wpr-equal-height-no e-con e-parent\" data-id=\"552d11c\" data-element_type=\"container\" data-e-type=\"container\">\n\t\t\t\t\t<div class=\"e-con-inner\">\n\t\t\t\t<div class=\"elementor-element elementor-element-0d20cff elementor-widget elementor-widget-heading\" data-id=\"0d20cff\" data-element_type=\"widget\" data-e-type=\"widget\" data-widget_type=\"heading.default\">\n\t\t\t\t<div class=\"elementor-widget-container\">\n\t\t\t\t\t<h2 class=\"elementor-heading-title elementor-size-default\"> \ud83d\udc1d Mentions l\u00e9gales \ud83d\udc1d<\/h2>\t\t\t\t<\/div>\n\t\t\t\t<\/div>\n\t\t\t\t\t<\/div>\n\t\t\t\t<\/div>\n\t\t<div class=\"elementor-element elementor-element-58bcef7 e-flex e-con-boxed wpr-particle-no wpr-jarallax-no wpr-parallax-no wpr-sticky-section-no wpr-equal-height-no e-con e-parent\" data-id=\"58bcef7\" data-element_type=\"container\" data-e-type=\"container\">\n\t\t\t\t\t<div class=\"e-con-inner\">\n\t\t\t\t<div class=\"elementor-element elementor-element-269ff0c elementor-widget elementor-widget-text-editor\" data-id=\"269ff0c\" data-element_type=\"widget\" data-e-type=\"widget\" data-widget_type=\"text-editor.default\">\n\t\t\t\t<div class=\"elementor-widget-container\">\n\t\t\t\t\t\t\t\t\t<p><strong>Club de L\u00e8ge Cap Ferret Handball<\/strong><\/p>\n<p><strong>\u00c9diteur du site :<\/strong><br>Nom de l&rsquo;association : Club de L\u00e8ge Cap Ferret Handball<br>Si\u00e8ge social : 61 avenue de la mairie 33950 L\u00e8ge-Cap-Ferret<br>T\u00e9l\u00e9phone : 05 56 60 33 09&nbsp;<br>Email : <a href=\"mailto:legecf.hb@gmail.com\">legecf.hb@gmail.com<\/a><\/p>\n<p>Le site est \u00e9dit\u00e9 par le Club de L\u00e8ge Cap Ferret Handball, association r\u00e9gie par la loi du 1er juillet 1901.<\/p>\n<p><strong>Responsable de la publication :<\/strong><br>Nom : Jean-Paul Boildieu<br>Fonction : Pr\u00e9sident<\/p>\n<p><strong>H\u00e9bergement du site :<\/strong><br>Nom de l&rsquo;h\u00e9bergeur : OVH<br>Adresse : 2 rue Kellermann 59100 Roubaix<br>Site web : <a href=\"https:\/\/www.ovhcloud.com\">https:\/\/www.ovhcloud.com<\/a><\/p>\n<p><strong>Conception et r\u00e9alisation du site :<\/strong><br>Nom de l&rsquo;agence ou de la personne responsable de la conception du site: Olivia Lahary<br>Contact : <a href=\"mailto:legecf.hb@gmail.com\">legecf.hb@gmail.com<\/a><\/p>\n<h3><strong>Propri\u00e9t\u00e9 intellectuelle<\/strong><\/h3>\n<p>Le contenu de ce site (textes, images, logos, etc.) est la propri\u00e9t\u00e9 exclusive du Club de L\u00e8ge Cap Ferret Handball, sauf mentions contraires. Toute reproduction, distribution, modification, adaptation ou publication, m\u00eame partielle, de ces \u00e9l\u00e9ments est strictement interdite sans l&rsquo;accord pr\u00e9alable du club.<\/p>\n<h3><strong>Donn\u00e9es personnelles<\/strong><\/h3>\n<p>Les informations recueillies sur ce site sont utilis\u00e9es dans le cadre des activit\u00e9s du Club de L\u00e8ge Cap Ferret Handball. Elles ne seront pas c\u00e9d\u00e9es \u00e0 des tiers. Conform\u00e9ment \u00e0 la loi n\u00b0 78-17 du 6 janvier 1978 modifi\u00e9e, dite \u00ab\u00a0Informatique et Libert\u00e9s\u00a0\u00bb, vous disposez d&rsquo;un droit d&rsquo;acc\u00e8s, de rectification et de suppression des donn\u00e9es vous concernant. Pour exercer ce droit, vous pouvez contacter :<br>Email : (Adresse email du DPO ou de la personne en charge des donn\u00e9es)<br>Adresse : (Adresse postale du club)<\/p>\n<h3><strong>Cookies<\/strong><\/h3>\n<p>Le site utilise des cookies pour am\u00e9liorer l&rsquo;exp\u00e9rience de l&rsquo;utilisateur. En naviguant sur ce site, vous acceptez l&rsquo;utilisation de ces cookies. Vous avez la possibilit\u00e9 de d\u00e9sactiver les cookies en configurant votre navigateur.<\/p>\n<h3><strong>Responsabilit\u00e9<\/strong><\/h3>\n<p>Le Club de L\u00e8ge Cap Ferret Handball ne saurait \u00eatre tenu responsable des dommages directs ou indirects r\u00e9sultant de l&rsquo;acc\u00e8s au site, de l&rsquo;utilisation ou de l&rsquo;impossibilit\u00e9 d&rsquo;utiliser les informations contenues sur le site.<\/p>\n<h3><strong>Liens hypertextes<\/strong><\/h3>\n<p>Les liens hypertextes pr\u00e9sents sur ce site peuvent renvoyer vers d&rsquo;autres sites internet. Le Club de L\u00e8ge Cap Ferret Handball d\u00e9cline toute responsabilit\u00e9 quant aux contenus de ces sites externes.<\/p>\n<h3><strong>Droit applicable<\/strong><\/h3>\n<p>Les pr\u00e9sentes mentions l\u00e9gales sont r\u00e9gies par la loi fran\u00e7aise. En cas de litige, et apr\u00e8s l&rsquo;\u00e9chec de toute tentative de recherche de solution amiable, les tribunaux fran\u00e7ais seront seuls comp\u00e9tents.<\/p>\t\t\t\t\t\t\t\t<\/div>\n\t\t\t\t<\/div>\n\t\t\t\t\t<\/div>\n\t\t\t\t<\/div>\n\t\t\t\t<\/div>\n\t\t","protected":false},"excerpt":{"rendered":"<p>\ud83d\udc1d Mentions l\u00e9gales \ud83d\udc1d Club de L\u00e8ge Cap Ferret Handball \u00c9diteur du site :Nom de l&rsquo;association : Club de L\u00e8ge Cap Ferret HandballSi\u00e8ge social : 61 avenue de la mairie 33950 L\u00e8ge-Cap-FerretT\u00e9l\u00e9phone : 05 56 60 33 09&nbsp;Email : legecf.hb@gmail.com Le site est \u00e9dit\u00e9 par le Club de L\u00e8ge Cap Ferret Handball, association r\u00e9gie par la loi du 1er juillet 1901. Responsable de la publication :Nom : Jean-Paul BoildieuFonction : Pr\u00e9sident H\u00e9bergement du site :Nom de l&rsquo;h\u00e9bergeur : OVHAdresse : 2 rue Kellermann 59100 RoubaixSite web : https:\/\/www.ovhcloud.com Conception et r\u00e9alisation du site :Nom de l&rsquo;agence ou de la personne responsable de la conception du site: Olivia LaharyContact : legecf.hb@gmail.com Propri\u00e9t\u00e9 intellectuelle Le contenu de ce site (textes, images, logos, etc.) est la propri\u00e9t\u00e9 exclusive du Club de L\u00e8ge Cap Ferret Handball, sauf mentions contraires. Toute reproduction, distribution, modification, adaptation ou publication, m\u00eame partielle, de ces \u00e9l\u00e9ments est strictement interdite sans l&rsquo;accord pr\u00e9alable du club. Donn\u00e9es personnelles Les informations recueillies sur ce site sont utilis\u00e9es dans le cadre des activit\u00e9s du Club de L\u00e8ge Cap Ferret Handball. Elles ne seront pas c\u00e9d\u00e9es \u00e0 des tiers. Conform\u00e9ment \u00e0 la loi n\u00b0 78-17 du 6 janvier 1978 modifi\u00e9e, dite \u00ab\u00a0Informatique et Libert\u00e9s\u00a0\u00bb, vous disposez d&rsquo;un droit d&rsquo;acc\u00e8s, de rectification et de suppression des donn\u00e9es vous concernant. Pour exercer ce droit, vous pouvez contacter :Email : (Adresse email du DPO ou de la personne en charge des donn\u00e9es)Adresse : (Adresse postale du club) Cookies Le site utilise des cookies pour am\u00e9liorer l&rsquo;exp\u00e9rience de l&rsquo;utilisateur. En naviguant sur ce site, vous acceptez l&rsquo;utilisation de ces cookies. Vous avez la possibilit\u00e9 de d\u00e9sactiver les cookies en configurant votre navigateur. Responsabilit\u00e9 Le Club de L\u00e8ge Cap Ferret Handball ne saurait \u00eatre tenu responsable des dommages directs ou indirects r\u00e9sultant de l&rsquo;acc\u00e8s au site, de l&rsquo;utilisation ou de l&rsquo;impossibilit\u00e9 d&rsquo;utiliser les informations contenues sur le site. Liens hypertextes Les liens hypertextes pr\u00e9sents sur ce site peuvent renvoyer vers d&rsquo;autres sites internet. Le Club de L\u00e8ge Cap Ferret Handball d\u00e9cline toute responsabilit\u00e9 quant aux contenus de ces sites externes. Droit applicable Les pr\u00e9sentes mentions l\u00e9gales sont r\u00e9gies par la loi fran\u00e7aise. En cas de litige, et apr\u00e8s l&rsquo;\u00e9chec de toute tentative de recherche de solution amiable, les tribunaux fran\u00e7ais seront seuls comp\u00e9tents.<\/p>\n","protected":false},"author":1,"featured_media":0,"parent":0,"menu_order":0,"comment_status":"closed","ping_status":"closed","template":"","meta":{"footnotes":""},"class_list":["post-1037","page","type-page","status-publish","hentry"],"_links":{"self":[{"href":"https:\/\/legecapferret-handball.fr\/index.php\/wp-json\/wp\/v2\/pages\/1037","targetHints":{"allow":["GET"]}}],"collection":[{"href":"https:\/\/legecapferret-handball.fr\/index.php\/wp-json\/wp\/v2\/pages"}],"about":[{"href":"https:\/\/legecapferret-handball.fr\/index.php\/wp-json\/wp\/v2\/types\/page"}],"author":[{"embeddable":true,"href":"https:\/\/legecapferret-handball.fr\/index.php\/wp-json\/wp\/v2\/users\/1"}],"replies":[{"embeddable":true,"href":"https:\/\/legecapferret-handball.fr\/index.php\/wp-json\/wp\/v2\/comments?post=1037"}],"version-history":[{"count":31,"href":"https:\/\/legecapferret-handball.fr\/index.php\/wp-json\/wp\/v2\/pages\/1037\/revisions"}],"predecessor-version":[{"id":2231,"href":"https:\/\/legecapferret-handball.fr\/index.php\/wp-json\/wp\/v2\/pages\/1037\/revisions\/2231"}],"wp:attachment":[{"href":"https:\/\/legecapferret-handball.fr\/index.php\/wp-json\/wp\/v2\/media?parent=1037"}],"curies":[{"name":"wp","href":"https:\/\/api.w.org\/{rel}","templated":true}]}}